{"id":993,"date":"2015-03-09T16:19:27","date_gmt":"2015-03-09T15:19:27","guid":{"rendered":"http:\/\/labex-mme-dii.u-cergy.fr\/?page_id=993"},"modified":"2025-11-21T15:20:32","modified_gmt":"2025-11-21T14:20:32","slug":"finance-and-risk-management","status":"publish","type":"page","link":"https:\/\/labex-mme-dii.u-cergy.fr\/?page_id=993","title":{"rendered":""},"content":{"rendered":"\n<p><span class=\"TextRun SCXW183727279 BCX8\" lang=\"FR-FR\" xml:lang=\"FR-FR\" data-contrast=\"auto\"><span class=\"NormalTextRun SCXW183727279 BCX8\" data-ccp-parastyle=\"Normal (Web)\">Renforcer le pouvoir analytique et pr\u00e9dictif des mod\u00e8les pour concevoir des politiques&nbsp;<\/span><\/span><span class=\"TextRun SCXW183727279 BCX8\" lang=\"FR-FR\" xml:lang=\"FR-FR\" data-contrast=\"auto\"><span class=\"NormalTextRun SCXW183727279 BCX8\" data-ccp-charstyle=\"Strong\">efficaces et \u00e9quitables<\/span><\/span><span class=\"TextRun SCXW183727279 BCX8\" lang=\"FR-FR\" xml:lang=\"FR-FR\" data-contrast=\"auto\"><span class=\"NormalTextRun SCXW183727279 BCX8\" data-ccp-parastyle=\"Normal (Web)\">&nbsp;\u00e0 l\u2019\u00e8re de la mondialisation et des contraintes environnementales.<\/span><\/span><span class=\"LineBreakBlob BlobObject DragDrop SCXW183727279 BCX8\"><span class=\"SCXW183727279 BCX8\">&nbsp;<\/span><br class=\"SCXW183727279 BCX8\"><\/span><span class=\"TextRun SCXW183727279 BCX8\" lang=\"FR-FR\" xml:lang=\"FR-FR\" data-contrast=\"auto\"><span class=\"NormalTextRun SCXW183727279 BCX8\" data-ccp-parastyle=\"Normal (Web)\">Chantiers : march\u00e9 du travail, redistribution, r\u00e9forme fiscale et transition juste.<\/span><\/span><span class=\"LineBreakBlob BlobObject DragDrop SCXW183727279 BCX8\"><span class=\"SCXW183727279 BCX8\">&nbsp;<\/span><br class=\"SCXW183727279 BCX8\"><\/span><span class=\"TextRun SCXW183727279 BCX8\" lang=\"FR-FR\" xml:lang=\"FR-FR\" data-contrast=\"auto\"><span class=\"NormalTextRun SCXW183727279 BCX8\" data-ccp-charstyle=\"Strong\">\u00c9quipes<\/span><\/span><span class=\"TextRun SCXW183727279 BCX8\" lang=\"FR-FR\" xml:lang=\"FR-FR\" data-contrast=\"auto\"><span class=\"NormalTextRun SCXW183727279 BCX8\" data-ccp-parastyle=\"Normal (Web)\">&nbsp;: THEMA (21), EPEE (2), CEPN (8), LEMMA (5), CERESSEC (4).<\/span><\/span><span class=\"EOP SCXW183727279 BCX8\" data-ccp-props=\"{&quot;134233117&quot;:true,&quot;134233118&quot;:true,&quot;201341983&quot;:0,&quot;335551550&quot;:6,&quot;335551620&quot;:6,&quot;335559740&quot;:240}\">&nbsp;<\/span><\/p>\n","protected":false},"excerpt":{"rendered":"<p>Renforcer le pouvoir analytique et pr\u00e9dictif des mod\u00e8les pour concevoir des politiques&nbsp;efficaces et \u00e9quitables&nbsp;\u00e0 l\u2019\u00e8re de la mondialisation et des contraintes environnementales.&nbsp;Chantiers : march\u00e9 du travail, redistribution, r\u00e9forme fiscale et transition juste.&nbsp;\u00c9quipes&nbsp;: THEMA (21), EPEE (2), CEPN (8), LEMMA (5), CERESSEC (4).&nbsp;<\/p>\n","protected":false},"author":6,"featured_media":0,"parent":0,"menu_order":0,"comment_status":"closed","ping_status":"closed","template":"","meta":{"_genesis_hide_title":false,"_genesis_hide_breadcrumbs":false,"_genesis_hide_singular_image":false,"_genesis_hide_footer_widgets":false,"_genesis_custom_body_class":"","_genesis_custom_post_class":"","_genesis_layout":"","footnotes":""},"_links":{"self":[{"href":"https:\/\/labex-mme-dii.u-cergy.fr\/index.php?rest_route=\/wp\/v2\/pages\/993"}],"collection":[{"href":"https:\/\/labex-mme-dii.u-cergy.fr\/index.php?rest_route=\/wp\/v2\/pages"}],"about":[{"href":"https:\/\/labex-mme-dii.u-cergy.fr\/index.php?rest_route=\/wp\/v2\/types\/page"}],"author":[{"embeddable":true,"href":"https:\/\/labex-mme-dii.u-cergy.fr\/index.php?rest_route=\/wp\/v2\/users\/6"}],"replies":[{"embeddable":true,"href":"https:\/\/labex-mme-dii.u-cergy.fr\/index.php?rest_route=%2Fwp%2Fv2%2Fcomments&post=993"}],"version-history":[{"count":9,"href":"https:\/\/labex-mme-dii.u-cergy.fr\/index.php?rest_route=\/wp\/v2\/pages\/993\/revisions"}],"predecessor-version":[{"id":2560,"href":"https:\/\/labex-mme-dii.u-cergy.fr\/index.php?rest_route=\/wp\/v2\/pages\/993\/revisions\/2560"}],"wp:attachment":[{"href":"https:\/\/labex-mme-dii.u-cergy.fr\/index.php?rest_route=%2Fwp%2Fv2%2Fmedia&parent=993"}],"curies":[{"name":"wp","href":"https:\/\/api.w.org\/{rel}","templated":true}]}}