{"id":955,"date":"2015-03-09T16:13:56","date_gmt":"2015-03-09T15:13:56","guid":{"rendered":"http:\/\/labex-mme-dii.u-cergy.fr\/?page_id=955"},"modified":"2025-11-21T15:07:51","modified_gmt":"2025-11-21T14:07:51","slug":"complex-systems","status":"publish","type":"page","link":"https:\/\/labex-mme-dii.u-cergy.fr\/?page_id=955","title":{"rendered":""},"content":{"rendered":"\n<p><span class=\"TextRun SCXW264291903 BCX8\" lang=\"FR-FR\" xml:lang=\"FR-FR\" data-contrast=\"auto\"><span class=\"NormalTextRun SCXW264291903 BCX8\" data-ccp-parastyle=\"Normal (Web)\">Mod\u00e9lisations dynamiques (EDP), physique math\u00e9matique et statistique,&nbsp;<\/span><\/span><span class=\"TextRun SCXW264291903 BCX8\" lang=\"FR-FR\" xml:lang=\"FR-FR\" data-contrast=\"auto\"><span class=\"NormalTextRun SCXW264291903 BCX8\" data-ccp-charstyle=\"Strong\">jeux \u00e0 champs moyens<\/span><\/span><span class=\"TextRun SCXW264291903 BCX8\" lang=\"FR-FR\" xml:lang=\"FR-FR\" data-contrast=\"auto\"><span class=\"NormalTextRun SCXW264291903 BCX8\" data-ccp-parastyle=\"Normal (Web)\">&nbsp;appliqu\u00e9s aux sciences sociales.<\/span><\/span><span class=\"LineBreakBlob BlobObject DragDrop SCXW264291903 BCX8\"><span class=\"SCXW264291903 BCX8\">&nbsp;<\/span><br class=\"SCXW264291903 BCX8\"><\/span><span class=\"TextRun SCXW264291903 BCX8\" lang=\"FR-FR\" xml:lang=\"FR-FR\" data-contrast=\"auto\"><span class=\"NormalTextRun SCXW264291903 BCX8\" data-ccp-parastyle=\"Normal (Web)\">Applications : auto-organisation en IA, r\u00e9seaux, microstructure des march\u00e9s, macro\u00e9conomie d\u2019\u00e9quilibre g\u00e9n\u00e9ral (incidence fiscale, fiscalit\u00e9 optimale), syst\u00e8mes urbains.<\/span><\/span><span class=\"LineBreakBlob BlobObject DragDrop SCXW264291903 BCX8\"><span class=\"SCXW264291903 BCX8\">&nbsp;<\/span><br class=\"SCXW264291903 BCX8\"><\/span><span class=\"TextRun SCXW264291903 BCX8\" lang=\"FR-FR\" xml:lang=\"FR-FR\" data-contrast=\"auto\"><span class=\"NormalTextRun SCXW264291903 BCX8\" data-ccp-charstyle=\"Strong\">\u00c9quipes impliqu\u00e9es (indicatif)<\/span><\/span><span class=\"TextRun SCXW264291903 BCX8\" lang=\"FR-FR\" xml:lang=\"FR-FR\" data-contrast=\"auto\"><span class=\"NormalTextRun SCXW264291903 BCX8\" data-ccp-parastyle=\"Normal (Web)\">&nbsp;: THEMA (5),&nbsp;<\/span><span class=\"NormalTextRun SpellingErrorV2Themed SCXW264291903 BCX8\" data-ccp-parastyle=\"Normal (Web)\">Modal\u2019X<\/span><span class=\"NormalTextRun SCXW264291903 BCX8\" data-ccp-parastyle=\"Normal (Web)\">&nbsp;(24), LPTM (4), CEPN (1), LAGA (20), AGM (12), LEMMA (1).<\/span><\/span><span class=\"EOP SCXW264291903 BCX8\" data-ccp-props=\"{&quot;134233117&quot;:true,&quot;134233118&quot;:true,&quot;201341983&quot;:0,&quot;335559740&quot;:240}\">&nbsp;<\/span><\/p>\n\n\n","protected":false},"excerpt":{"rendered":"<p>Mod\u00e9lisations dynamiques (EDP), physique math\u00e9matique et statistique,&nbsp;jeux \u00e0 champs moyens&nbsp;appliqu\u00e9s aux sciences sociales.&nbsp;Applications : auto-organisation en IA, r\u00e9seaux, microstructure des march\u00e9s, macro\u00e9conomie d\u2019\u00e9quilibre g\u00e9n\u00e9ral (incidence fiscale, fiscalit\u00e9 optimale), syst\u00e8mes urbains.&nbsp;\u00c9quipes impliqu\u00e9es (indicatif)&nbsp;: THEMA (5),&nbsp;Modal\u2019X&nbsp;(24), LPTM (4), CEPN (1), LAGA (20), AGM (12), LEMMA (1).&nbsp;<\/p>\n","protected":false},"author":6,"featured_media":0,"parent":0,"menu_order":0,"comment_status":"closed","ping_status":"closed","template":"","meta":{"_genesis_hide_title":false,"_genesis_hide_breadcrumbs":false,"_genesis_hide_singular_image":false,"_genesis_hide_footer_widgets":false,"_genesis_custom_body_class":"","_genesis_custom_post_class":"","_genesis_layout":"","footnotes":""},"_links":{"self":[{"href":"https:\/\/labex-mme-dii.u-cergy.fr\/index.php?rest_route=\/wp\/v2\/pages\/955"}],"collection":[{"href":"https:\/\/labex-mme-dii.u-cergy.fr\/index.php?rest_route=\/wp\/v2\/pages"}],"about":[{"href":"https:\/\/labex-mme-dii.u-cergy.fr\/index.php?rest_route=\/wp\/v2\/types\/page"}],"author":[{"embeddable":true,"href":"https:\/\/labex-mme-dii.u-cergy.fr\/index.php?rest_route=\/wp\/v2\/users\/6"}],"replies":[{"embeddable":true,"href":"https:\/\/labex-mme-dii.u-cergy.fr\/index.php?rest_route=%2Fwp%2Fv2%2Fcomments&post=955"}],"version-history":[{"count":8,"href":"https:\/\/labex-mme-dii.u-cergy.fr\/index.php?rest_route=\/wp\/v2\/pages\/955\/revisions"}],"predecessor-version":[{"id":2548,"href":"https:\/\/labex-mme-dii.u-cergy.fr\/index.php?rest_route=\/wp\/v2\/pages\/955\/revisions\/2548"}],"wp:attachment":[{"href":"https:\/\/labex-mme-dii.u-cergy.fr\/index.php?rest_route=%2Fwp%2Fv2%2Fmedia&parent=955"}],"curies":[{"name":"wp","href":"https:\/\/api.w.org\/{rel}","templated":true}]}}