{"id":804,"date":"2014-12-12T15:14:58","date_gmt":"2014-12-12T14:14:58","guid":{"rendered":"http:\/\/labex-mme-dii.u-cergy.fr\/?page_id=804"},"modified":"2025-11-21T15:40:22","modified_gmt":"2025-11-21T14:40:22","slug":"les-post-docs-du-labex-mme-dii","status":"publish","type":"page","link":"https:\/\/labex-mme-dii.u-cergy.fr\/?page_id=804","title":{"rendered":""},"content":{"rendered":"\n<h2 class=\"wp-block-heading has-text-align-center has-vivid-cyan-blue-color has-text-color has-link-color wp-elements-39529dca6b15130b6ff3eef8a38c16de\"><b><span data-contrast=\"auto\">Maxime Lucas <\/span><\/b><span data-ccp-props=\"{&quot;134233117&quot;:true,&quot;134233118&quot;:true,&quot;201341983&quot;:0,&quot;335551550&quot;:6,&quot;335551620&quot;:6,&quot;335559740&quot;:240}\">&nbsp;<\/span><\/h2>\n\n\n\n<p><span data-ccp-props=\"{&quot;134233117&quot;:true,&quot;134233118&quot;:true,&quot;201341983&quot;:0,&quot;335551550&quot;:6,&quot;335551620&quot;:6,&quot;335559740&quot;:240}\">&nbsp;<\/span><b><span data-contrast=\"none\">Phases magn\u00e9tiques dans le graph\u00e8ne et le graph\u00e8ne&nbsp;bilayer&nbsp;torsad\u00e9<\/span><\/b><span data-ccp-props=\"{&quot;134233117&quot;:true,&quot;134233118&quot;:true,&quot;201341983&quot;:0,&quot;335551550&quot;:6,&quot;335551620&quot;:6,&quot;335559740&quot;:240}\">&nbsp;<\/span><\/p>\n\n\n\n<p><span class=\"TextRun SCXW26452743 BCX8\" lang=\"FR-FR\" xml:lang=\"FR-FR\" data-contrast=\"auto\"><span class=\"NormalTextRun SCXW26452743 BCX8\">Simulations num\u00e9riques (projet&nbsp;<\/span><\/span><span class=\"TextRun SCXW26452743 BCX8\" lang=\"FR-FR\" xml:lang=\"FR-FR\" data-contrast=\"auto\"><span class=\"NormalTextRun SCXW26452743 BCX8\">ANR&nbsp;<\/span><span class=\"NormalTextRun SpellingErrorV2Themed SCXW26452743 BCX8\">FlatMoi<\/span><\/span><span class=\"TextRun SCXW26452743 BCX8\" lang=\"FR-FR\" xml:lang=\"FR-FR\" data-contrast=\"auto\"><span class=\"NormalTextRun SCXW26452743 BCX8\">) des phases magn\u00e9tiques du graph\u00e8ne (<\/span><span class=\"NormalTextRun SpellingErrorV2Themed SCXW26452743 BCX8\">mono-couche<\/span><span class=\"NormalTextRun SCXW26452743 BCX8\">&nbsp;&amp;&nbsp;<\/span><span class=\"NormalTextRun SpellingErrorV2Themed SCXW26452743 BCX8\">bilayer<\/span><span class=\"NormalTextRun SCXW26452743 BCX8\">&nbsp;torsad\u00e9), avec diagrammes de phases \u00e9tablis (selon dopage) et un article en finalisation (PRL).<\/span><\/span><span class=\"LineBreakBlob BlobObject DragDrop SCXW26452743 BCX8\"><span class=\"SCXW26452743 BCX8\">&nbsp;<\/span><br class=\"SCXW26452743 BCX8\"><\/span><span class=\"TextRun SCXW26452743 BCX8\" lang=\"FR-FR\" xml:lang=\"FR-FR\" data-contrast=\"auto\"><span class=\"NormalTextRun SCXW26452743 BCX8\">Ann\u00e9e 4<\/span><\/span><span class=\"TextRun SCXW26452743 BCX8\" lang=\"FR-FR\" xml:lang=\"FR-FR\" data-contrast=\"auto\"><span class=\"NormalTextRun SCXW26452743 BCX8\">&nbsp;: cl\u00f4turer l\u2019\u00e9tude TBG et relier interactions \u00e9lectroniques au transport (conductivit\u00e9), en collaboration avec T.&nbsp;<\/span><span class=\"NormalTextRun SpellingErrorV2Themed SCXW26452743 BCX8\">Rhouma<\/span><span class=\"NormalTextRun SCXW26452743 BCX8\">.<\/span><\/span><span class=\"LineBreakBlob BlobObject DragDrop SCXW26452743 BCX8\"><span class=\"SCXW26452743 BCX8\">&nbsp;<\/span><br class=\"SCXW26452743 BCX8\"><\/span><span class=\"TextRun SCXW26452743 BCX8\" lang=\"FR-FR\" xml:lang=\"FR-FR\" data-contrast=\"auto\"><span class=\"NormalTextRun SCXW26452743 BCX8\">Encadrement : A. Honecker (25 %) &amp; G. Trambly de&nbsp;<\/span><span class=\"NormalTextRun SpellingErrorV2Themed SCXW26452743 BCX8\">Laissardi\u00e8re<\/span><span class=\"NormalTextRun SCXW26452743 BCX8\">&nbsp;(75 %), LPTM.<\/span><\/span><span class=\"EOP SCXW26452743 BCX8\" data-ccp-props=\"{&quot;134233117&quot;:true,&quot;134233118&quot;:true,&quot;201341983&quot;:0,&quot;335559740&quot;:240}\">&nbsp;<\/span><\/p>\n\n\n\n<h2 class=\"wp-block-heading has-text-align-center has-vivid-cyan-blue-color has-text-color has-link-color wp-elements-21c31b7edcf1d2c389d24e3691b4635b\"><b><span data-contrast=\"auto\">Etienne Vareille<\/span><\/b><span data-ccp-props=\"{&quot;134233117&quot;:true,&quot;134233118&quot;:true,&quot;201341983&quot;:0,&quot;335551550&quot;:6,&quot;335551620&quot;:6,&quot;335559740&quot;:240}\">&nbsp;<\/span><\/h2>\n\n\n\n<p><span data-ccp-props=\"{&quot;134233117&quot;:true,&quot;134233118&quot;:true,&quot;201341983&quot;:0,&quot;335551550&quot;:6,&quot;335551620&quot;:6,&quot;335559740&quot;:240}\">&nbsp;<\/span><b><span data-contrast=\"none\">Explications causales pour l\u2019analyse de s\u00e9ries temporelles multivari\u00e9es&nbsp;Contexte et motivation<\/span><\/b><span data-ccp-props=\"{&quot;134233117&quot;:true,&quot;134233118&quot;:true,&quot;201341983&quot;:0,&quot;335551550&quot;:6,&quot;335551620&quot;:6,&quot;335559740&quot;:240}\">&nbsp;<\/span><\/p>\n\n\n\n<p><span class=\"TextRun SCXW241212820 BCX8\" lang=\"FR-FR\" xml:lang=\"FR-FR\" data-contrast=\"auto\"><span class=\"NormalTextRun SCXW241212820 BCX8\">D\u00e9veloppe&nbsp;<\/span><\/span><span class=\"TextRun SCXW241212820 BCX8\" lang=\"FR-FR\" xml:lang=\"FR-FR\" data-contrast=\"auto\"><span class=\"NormalTextRun SpellingErrorV2Themed SCXW241212820 BCX8\">ChronoEpilogi<\/span><\/span><span class=\"TextRun SCXW241212820 BCX8\" lang=\"FR-FR\" xml:lang=\"FR-FR\" data-contrast=\"auto\"><span class=\"NormalTextRun SCXW241212820 BCX8\">, un algorithme d\u2019explicabilit\u00e9 causale d\u00e9passant<\/span><span class=\"NormalTextRun SCXW241212820 BCX8\">&nbsp;<\/span><span class=\"NormalTextRun SCXW241212820 BCX8\">Shapley\/gradients pour identifier les variables r\u00e9ellement d\u00e9terminantes dans des STM de grande dimension.<\/span><\/span><span class=\"LineBreakBlob BlobObject DragDrop SCXW241212820 BCX8\"><span class=\"SCXW241212820 BCX8\">&nbsp;<\/span><br class=\"SCXW241212820 BCX8\"><\/span><span class=\"TextRun SCXW241212820 BCX8\" lang=\"FR-FR\" xml:lang=\"FR-FR\" data-contrast=\"auto\"><span class=\"NormalTextRun SCXW241212820 BCX8\">Ann\u00e9e 4<\/span><\/span><span class=\"TextRun SCXW241212820 BCX8\" lang=\"FR-FR\" xml:lang=\"FR-FR\" data-contrast=\"auto\"><span class=\"NormalTextRun SCXW241212820 BCX8\">&nbsp;: extensions \u00e0 la non-stationnarit\u00e9 et aux donn\u00e9es h\u00e9t\u00e9rog\u00e8nes ; validations sur jeux r\u00e9els (finance, neurosciences).<\/span><\/span><span class=\"LineBreakBlob BlobObject DragDrop SCXW241212820 BCX8\"><span class=\"SCXW241212820 BCX8\">&nbsp;<\/span><br class=\"SCXW241212820 BCX8\"><\/span><span class=\"TextRun SCXW241212820 BCX8\" lang=\"FR-FR\" xml:lang=\"FR-FR\" data-contrast=\"auto\"><span class=\"NormalTextRun SCXW241212820 BCX8\">Encadrement : V.&nbsp;<\/span><span class=\"NormalTextRun SpellingErrorV2Themed SCXW241212820 BCX8\">Christophides<\/span><span class=\"NormalTextRun SCXW241212820 BCX8\">&nbsp;(ENSEA\/ETIS).<\/span><\/span><\/p>\n\n\n\n<p><span data-ccp-props=\"{&quot;134233117&quot;:true,&quot;134233118&quot;:true,&quot;201341983&quot;:0,&quot;335551550&quot;:6,&quot;335551620&quot;:6,&quot;335559740&quot;:240}\">&nbsp;<\/span><\/p>\n","protected":false},"excerpt":{"rendered":"<p>Maxime Lucas &nbsp; &nbsp;Phases magn\u00e9tiques dans le graph\u00e8ne et le graph\u00e8ne&nbsp;bilayer&nbsp;torsad\u00e9&nbsp; Simulations num\u00e9riques (projet&nbsp;ANR&nbsp;FlatMoi) des phases magn\u00e9tiques du graph\u00e8ne (mono-couche&nbsp;&amp;&nbsp;bilayer&nbsp;torsad\u00e9), avec diagrammes de phases \u00e9tablis (selon dopage) et un article en finalisation (PRL).&nbsp;Ann\u00e9e 4&nbsp;: cl\u00f4turer l\u2019\u00e9tude TBG et relier interactions \u00e9lectroniques au transport (conductivit\u00e9), en collaboration avec T.&nbsp;Rhouma.&nbsp;Encadrement : A. Honecker (25 %) &amp; G. [&hellip;]<\/p>\n","protected":false},"author":6,"featured_media":0,"parent":0,"menu_order":0,"comment_status":"closed","ping_status":"closed","template":"","meta":{"_genesis_hide_title":false,"_genesis_hide_breadcrumbs":false,"_genesis_hide_singular_image":false,"_genesis_hide_footer_widgets":false,"_genesis_custom_body_class":"","_genesis_custom_post_class":"","_genesis_layout":"","footnotes":""},"_links":{"self":[{"href":"https:\/\/labex-mme-dii.u-cergy.fr\/index.php?rest_route=\/wp\/v2\/pages\/804"}],"collection":[{"href":"https:\/\/labex-mme-dii.u-cergy.fr\/index.php?rest_route=\/wp\/v2\/pages"}],"about":[{"href":"https:\/\/labex-mme-dii.u-cergy.fr\/index.php?rest_route=\/wp\/v2\/types\/page"}],"author":[{"embeddable":true,"href":"https:\/\/labex-mme-dii.u-cergy.fr\/index.php?rest_route=\/wp\/v2\/users\/6"}],"replies":[{"embeddable":true,"href":"https:\/\/labex-mme-dii.u-cergy.fr\/index.php?rest_route=%2Fwp%2Fv2%2Fcomments&post=804"}],"version-history":[{"count":37,"href":"https:\/\/labex-mme-dii.u-cergy.fr\/index.php?rest_route=\/wp\/v2\/pages\/804\/revisions"}],"predecessor-version":[{"id":2583,"href":"https:\/\/labex-mme-dii.u-cergy.fr\/index.php?rest_route=\/wp\/v2\/pages\/804\/revisions\/2583"}],"wp:attachment":[{"href":"https:\/\/labex-mme-dii.u-cergy.fr\/index.php?rest_route=%2Fwp%2Fv2%2Fmedia&parent=804"}],"curies":[{"name":"wp","href":"https:\/\/api.w.org\/{rel}","templated":true}]}}