{"id":563,"date":"2012-12-12T11:47:50","date_gmt":"2012-12-12T11:47:50","guid":{"rendered":"http:\/\/labex-mme-dii.u-cergy.fr\/?page_id=91"},"modified":"2025-11-21T14:56:17","modified_gmt":"2025-11-21T13:56:17","slug":"chercheurs","status":"publish","type":"page","link":"https:\/\/labex-mme-dii.u-cergy.fr\/?page_id=563","title":{"rendered":"Les \u00e9quipes partenaires"},"content":{"rendered":"\n<p>Les \u00e9quipes partenaires ont un statut diff\u00e9rent selon qu\u2019elles rel\u00e8vent de\u00a0<strong>CY Initiative<\/strong>\u00a0ou\u00a0<strong>hors CY Initiative<\/strong>.\u00a0<\/p>\n\n\n\n<p class=\"has-vivid-cyan-blue-color has-text-color has-link-color wp-elements-84457158fbd7f5830431c33932aebaed\"><strong>Partenaires internes (CY Initiative \/ ISITE)<\/strong>&nbsp;&nbsp;<\/p>\n\n\n\n<p><strong><a href=\"http:\/\/thema.u-cergy.fr\">THEMA<\/a><\/strong>&nbsp;-Th\u00e9orie Economique, Mod\u00e9lisation et Applications<\/p>\n\n\n\n<p><strong><a href=\"https:\/\/cyagm.cnrs.fr\/\">AGM<\/a>&nbsp;<\/strong>&#8211; Analyse G\u00e9om\u00e9trie et Mod\u00e9lisation<\/p>\n\n\n\n<p><strong><a href=\"https:\/\/lptm.cyu.fr\/\">LPTM<\/a><\/strong>&nbsp;&#8211;&nbsp;Laboratoire de Physique Th\u00e9orique et Mod\u00e9lisation<\/p>\n\n\n\n<p><strong><a href=\"https:\/\/www.etis-lab.fr\/\">ETIS<\/a> &#8211; <\/strong>Laboratoire de Physique Th\u00e9orique et Mod\u00e9lisation<\/p>\n\n\n\n<p><a href=\"https:\/\/www.essec.edu\/fr\/\" target=\"_blank\" rel=\"noreferrer noopener\"><strong>CERESSEC<\/strong><\/a> &#8211;&nbsp;Centre de recherche de l&rsquo;ESSEC<\/p>\n\n\n\n<p>Droits : repr\u00e9sentation dans les instances de gouvernance ; possibilit\u00e9 de contracter avec la FSM et d\u2019acc\u00e9der \u00e0 l\u2019ensemble des financements disponibles.<\/p>\n\n\n\n<p class=\"has-vivid-cyan-blue-color has-text-color has-link-color wp-elements-546b7a609d6ed478f2dcac5dd2a9ce04\"><strong>Partenaires externes (hors CY Initiative)<\/strong>&nbsp;<\/p>\n\n\n\n<p><strong><a href=\"https:\/\/modalx.parisnanterre.fr\/\">MODAL&rsquo;X<\/a><\/strong>&nbsp;&#8211;&nbsp;Mod\u00e9lisation Al\u00e9atoire de Paris Ouest Nanterre la D\u00e9fense<\/p>\n\n\n\n<p><a href=\"http:\/\/lemma.u-paris2.fr\/\"><strong>LEMMA<\/strong><\/a>&nbsp;&#8211; Laboratoire d&rsquo;Economie Math\u00e9matique et Micro\u00e9conomie Appliqu\u00e9e, Paris 2<\/p>\n\n\n\n<ul>\n<li>P\u00e9rim\u00e8tre : \u00e9quipes partenaires de la FSM jusqu\u2019en 2024 dont l\u2019\u00e9tablissement contribue au budget de la fondation.<\/li>\n\n\n\n<li>Droits : repr\u00e9sentation dans les instances.\u00a0<\/li>\n<\/ul>\n\n\n\n<p class=\"has-vivid-cyan-blue-color has-text-color has-link-color wp-elements-bf609837d01c168fe7b1410890b2ab8c\"><strong>\u00c9quipes associ\u00e9s<\/strong>\u00a0<\/p>\n\n\n\n<ul>\n<li>P\u00e9rim\u00e8tre : partenaires actuels\u00a0hors\u00a0CY Initiative dont l\u2019\u00e9tablissement\u00a0ne\u00a0contribue pas financi\u00e8rement.\u00a0<\/li>\n\n\n\n<li>Droits :\u00a0pas\u00a0de repr\u00e9sentation dans les instances ; \u00e9ligibilit\u00e9 \u00e0 des\u00a0cofinancements\u00a0via les appels \u00e0 projets de la FSM (notamment manifestations scientifiques).\u00a0<\/li>\n\n\n\n<li>Conditions : les activit\u00e9s cofinanc\u00e9es doivent contribuer au projet de la FSM et de CY Initiative.&nbsp;<\/li>\n<\/ul>\n\n\n\n<p><\/p>\n","protected":false},"excerpt":{"rendered":"<p>Les \u00e9quipes partenaires ont un statut diff\u00e9rent selon qu\u2019elles rel\u00e8vent de\u00a0CY Initiative\u00a0ou\u00a0hors CY Initiative.\u00a0 Partenaires internes (CY Initiative \/ ISITE)&nbsp;&nbsp; THEMA&nbsp;-Th\u00e9orie Economique, Mod\u00e9lisation et Applications AGM&nbsp;&#8211; Analyse G\u00e9om\u00e9trie et Mod\u00e9lisation LPTM&nbsp;&#8211;&nbsp;Laboratoire de Physique Th\u00e9orique et Mod\u00e9lisation ETIS &#8211; Laboratoire de Physique Th\u00e9orique et Mod\u00e9lisation CERESSEC &#8211;&nbsp;Centre de recherche de l&rsquo;ESSEC Droits : repr\u00e9sentation dans les [&hellip;]<\/p>\n","protected":false},"author":1,"featured_media":0,"parent":0,"menu_order":4,"comment_status":"closed","ping_status":"closed","template":"","meta":{"_genesis_hide_title":false,"_genesis_hide_breadcrumbs":false,"_genesis_hide_singular_image":false,"_genesis_hide_footer_widgets":false,"_genesis_custom_body_class":"","_genesis_custom_post_class":"","_genesis_layout":"","footnotes":""},"_links":{"self":[{"href":"https:\/\/labex-mme-dii.u-cergy.fr\/index.php?rest_route=\/wp\/v2\/pages\/563"}],"collection":[{"href":"https:\/\/labex-mme-dii.u-cergy.fr\/index.php?rest_route=\/wp\/v2\/pages"}],"about":[{"href":"https:\/\/labex-mme-dii.u-cergy.fr\/index.php?rest_route=\/wp\/v2\/types\/page"}],"author":[{"embeddable":true,"href":"https:\/\/labex-mme-dii.u-cergy.fr\/index.php?rest_route=\/wp\/v2\/users\/1"}],"replies":[{"embeddable":true,"href":"https:\/\/labex-mme-dii.u-cergy.fr\/index.php?rest_route=%2Fwp%2Fv2%2Fcomments&post=563"}],"version-history":[{"count":50,"href":"https:\/\/labex-mme-dii.u-cergy.fr\/index.php?rest_route=\/wp\/v2\/pages\/563\/revisions"}],"predecessor-version":[{"id":2539,"href":"https:\/\/labex-mme-dii.u-cergy.fr\/index.php?rest_route=\/wp\/v2\/pages\/563\/revisions\/2539"}],"wp:attachment":[{"href":"https:\/\/labex-mme-dii.u-cergy.fr\/index.php?rest_route=%2Fwp%2Fv2%2Fmedia&parent=563"}],"curies":[{"name":"wp","href":"https:\/\/api.w.org\/{rel}","templated":true}]}}