{"id":560,"date":"2012-05-16T13:44:36","date_gmt":"2012-05-16T13:44:36","guid":{"rendered":"http:\/\/labex-mme-dii.u-cergy.fr\/?page_id=22"},"modified":"2025-12-16T09:34:53","modified_gmt":"2025-12-16T08:34:53","slug":"project","status":"publish","type":"page","link":"https:\/\/labex-mme-dii.u-cergy.fr\/?page_id=560","title":{"rendered":"Th\u00e9matiques"},"content":{"rendered":"\n<p>Pour r\u00e9pondre de mani\u00e8re coh\u00e9rente aux grands enjeux contemporains, la FSM structure son programme scientifique autour de&nbsp;<strong>six th\u00e9matiques compl\u00e9mentaires<\/strong>. Chacune articule avanc\u00e9es th\u00e9oriques et m\u00e9thodes num\u00e9riques (simulation, estimation structurelle, analyse de donn\u00e9es) avec des applications \u00e0 fort impact, en mobilisant des expertises crois\u00e9es en&nbsp;<strong>\u00e9conomie, math\u00e9matiques et physique<\/strong>. Ces th\u00e9matiques visent \u00e0&nbsp;faire dialoguer les disciplines, acc\u00e9l\u00e9rer le transfert m\u00e9thodologique et&nbsp;\u00e9clairer la d\u00e9cision publique et priv\u00e9e.&nbsp;<\/p>\n\n\n\n<div class=\"wp-block-columns is-layout-flex wp-container-core-columns-is-layout-1 wp-block-columns-is-layout-flex\">\n<div class=\"wp-block-column is-layout-flow wp-block-column-is-layout-flow\" style=\"flex-basis:100%\">\n<figure class=\"wp-block-table\"><table><tbody><tr><td><strong>\u00c9quipe<\/strong>&nbsp;<\/td><td><strong>Syst\u00e8mes complexes<\/strong>&nbsp;<\/td><td><strong>&nbsp;Incertitude \/ \u00e9v\u00e9nements rares<\/strong>&nbsp;<\/td><td><strong>Finance &amp; risques<\/strong>&nbsp;<\/td><td><strong>Entreprises, march\u00e9s &amp; info<\/strong>&nbsp;<\/td><td><strong>Politiques publiques &amp;&nbsp;d\u00e9v.<\/strong>&nbsp;<\/td><td><strong>Environnement<\/strong>&nbsp;<\/td><\/tr><tr><td><strong>THEMA<\/strong>&nbsp;<\/td><td>(5)&nbsp;<\/td><td>(5)&nbsp;<\/td><td>(9)&nbsp;<\/td><td>(9)&nbsp;<\/td><td>(21)&nbsp;<\/td><td>(2)&nbsp;<\/td><\/tr><tr><td><strong>Modal\u2019X<\/strong>&nbsp;<\/td><td>(24)&nbsp;<\/td><td>(10)&nbsp;<\/td><td>(6)&nbsp;<\/td><td>\u2014&nbsp;<\/td><td>\u2014&nbsp;<\/td><td>(8)&nbsp;<\/td><\/tr><tr><td><strong>LPTM<\/strong>&nbsp;<\/td><td>(4)&nbsp;<\/td><td>\u2014&nbsp;<\/td><td>(1)&nbsp;<\/td><td>\u2014&nbsp;<\/td><td>\u2014&nbsp;<\/td><td>(2)&nbsp;<\/td><\/tr><tr><td><strong>CEPN<\/strong>&nbsp;<\/td><td>(1)&nbsp;<\/td><td>(4)&nbsp;<\/td><td>(4)&nbsp;<\/td><td>(6)&nbsp;<\/td><td>(8)&nbsp;<\/td><td>(7)&nbsp;<\/td><\/tr><tr><td><strong>LAGA<\/strong>&nbsp;<\/td><td>(20)&nbsp;<\/td><td>\u2014&nbsp;<\/td><td>(4)&nbsp;<\/td><td>\u2014&nbsp;<\/td><td>\u2014&nbsp;<\/td><td>(4)&nbsp;<\/td><\/tr><tr><td><strong>AGM<\/strong>&nbsp;<\/td><td>(12)&nbsp;<\/td><td>(1)&nbsp;<\/td><td>\u2014&nbsp;<\/td><td>\u2014&nbsp;<\/td><td>\u2014&nbsp;<\/td><td>\u2014&nbsp;<\/td><\/tr><tr><td><strong>LEMMA<\/strong>&nbsp;<\/td><td>(1)&nbsp;<\/td><td>(4)&nbsp;<\/td><td>(3)&nbsp;<\/td><td>(4)&nbsp;<\/td><td>(5)&nbsp;<\/td><td>(2)&nbsp;<\/td><\/tr><tr><td><strong>EPEE<\/strong>&nbsp;<\/td><td>\u2014&nbsp;<\/td><td>(3)&nbsp;<\/td><td>(3)&nbsp;<\/td><td>\u2014&nbsp;<\/td><td>(2)&nbsp;<\/td><td>(2)&nbsp;<\/td><\/tr><tr><td><strong>CERESSEC<\/strong>&nbsp;<\/td><td>\u2014&nbsp;<\/td><td>(3)&nbsp;<\/td><td>(18)&nbsp;<\/td><td>(22)&nbsp;<\/td><td>(4)&nbsp;<\/td><td>(6)&nbsp;<\/td><\/tr><\/tbody><\/table><\/figure>\n<\/div>\n<\/div>\n","protected":false},"excerpt":{"rendered":"<p>Pour r\u00e9pondre de mani\u00e8re coh\u00e9rente aux grands enjeux contemporains, la FSM structure son programme scientifique autour de&nbsp;six th\u00e9matiques compl\u00e9mentaires. Chacune articule avanc\u00e9es th\u00e9oriques et m\u00e9thodes num\u00e9riques (simulation, estimation structurelle, analyse de donn\u00e9es) avec des applications \u00e0 fort impact, en mobilisant des expertises crois\u00e9es en&nbsp;\u00e9conomie, math\u00e9matiques et physique. Ces th\u00e9matiques visent \u00e0&nbsp;faire dialoguer les disciplines, acc\u00e9l\u00e9rer [&hellip;]<\/p>\n","protected":false},"author":1,"featured_media":0,"parent":0,"menu_order":2,"comment_status":"closed","ping_status":"open","template":"","meta":{"_genesis_hide_title":false,"_genesis_hide_breadcrumbs":false,"_genesis_hide_singular_image":false,"_genesis_hide_footer_widgets":false,"_genesis_custom_body_class":"","_genesis_custom_post_class":"","_genesis_layout":"","footnotes":""},"_links":{"self":[{"href":"https:\/\/labex-mme-dii.u-cergy.fr\/index.php?rest_route=\/wp\/v2\/pages\/560"}],"collection":[{"href":"https:\/\/labex-mme-dii.u-cergy.fr\/index.php?rest_route=\/wp\/v2\/pages"}],"about":[{"href":"https:\/\/labex-mme-dii.u-cergy.fr\/index.php?rest_route=\/wp\/v2\/types\/page"}],"author":[{"embeddable":true,"href":"https:\/\/labex-mme-dii.u-cergy.fr\/index.php?rest_route=\/wp\/v2\/users\/1"}],"replies":[{"embeddable":true,"href":"https:\/\/labex-mme-dii.u-cergy.fr\/index.php?rest_route=%2Fwp%2Fv2%2Fcomments&post=560"}],"version-history":[{"count":27,"href":"https:\/\/labex-mme-dii.u-cergy.fr\/index.php?rest_route=\/wp\/v2\/pages\/560\/revisions"}],"predecessor-version":[{"id":2668,"href":"https:\/\/labex-mme-dii.u-cergy.fr\/index.php?rest_route=\/wp\/v2\/pages\/560\/revisions\/2668"}],"wp:attachment":[{"href":"https:\/\/labex-mme-dii.u-cergy.fr\/index.php?rest_route=%2Fwp%2Fv2%2Fmedia&parent=560"}],"curies":[{"name":"wp","href":"https:\/\/api.w.org\/{rel}","templated":true}]}}