{"id":1004,"date":"2015-03-09T16:18:30","date_gmt":"2015-03-09T15:18:30","guid":{"rendered":"http:\/\/labex-mme-dii.u-cergy.fr\/?page_id=1004"},"modified":"2025-11-21T15:19:03","modified_gmt":"2025-11-21T14:19:03","slug":"environmental-economics-energy-and-natural-resources","status":"publish","type":"page","link":"https:\/\/labex-mme-dii.u-cergy.fr\/?page_id=1004","title":{"rendered":""},"content":{"rendered":"\n<p><span class=\"TextRun SCXW69457434 BCX8\" lang=\"FR-FR\" xml:lang=\"FR-FR\" data-contrast=\"auto\"><span class=\"NormalTextRun SCXW69457434 BCX8\" data-ccp-parastyle=\"Normal (Web)\">Outils de mod\u00e9lisation pour mieux repr\u00e9senter le comportement des march\u00e9s et contribuer \u00e0 une meilleure&nbsp;<\/span><\/span><span class=\"TextRun SCXW69457434 BCX8\" lang=\"FR-FR\" xml:lang=\"FR-FR\" data-contrast=\"auto\"><span class=\"NormalTextRun SCXW69457434 BCX8\" data-ccp-charstyle=\"Strong\">r\u00e9gulation<\/span><\/span><span class=\"TextRun SCXW69457434 BCX8\" lang=\"FR-FR\" xml:lang=\"FR-FR\" data-contrast=\"auto\"><span class=\"NormalTextRun SCXW69457434 BCX8\" data-ccp-parastyle=\"Normal (Web)\">&nbsp;: de la microstructure aux interactions avec l\u2019\u00e9conomie r\u00e9elle et la finance d\u2019entreprise.<\/span><\/span><span class=\"LineBreakBlob BlobObject DragDrop SCXW69457434 BCX8\"><span class=\"SCXW69457434 BCX8\">&nbsp;<\/span><br class=\"SCXW69457434 BCX8\"><\/span><span class=\"TextRun SCXW69457434 BCX8\" lang=\"FR-FR\" xml:lang=\"FR-FR\" data-contrast=\"auto\"><span class=\"NormalTextRun SCXW69457434 BCX8\" data-ccp-parastyle=\"Normal (Web)\">Approches : analyses empiriques renforc\u00e9es et cadres th\u00e9oriques int\u00e9grant de multiples dimensions.<\/span><\/span><span class=\"LineBreakBlob BlobObject DragDrop SCXW69457434 BCX8\"><span class=\"SCXW69457434 BCX8\">&nbsp;<\/span><br class=\"SCXW69457434 BCX8\"><\/span><span class=\"TextRun SCXW69457434 BCX8\" lang=\"FR-FR\" xml:lang=\"FR-FR\" data-contrast=\"auto\"><span class=\"NormalTextRun SCXW69457434 BCX8\" data-ccp-charstyle=\"Strong\">\u00c9quipes<\/span><\/span><span class=\"TextRun SCXW69457434 BCX8\" lang=\"FR-FR\" xml:lang=\"FR-FR\" data-contrast=\"auto\"><span class=\"NormalTextRun SCXW69457434 BCX8\" data-ccp-parastyle=\"Normal (Web)\">&nbsp;: THEMA (9),&nbsp;<\/span><span class=\"NormalTextRun SpellingErrorV2Themed SCXW69457434 BCX8\" data-ccp-parastyle=\"Normal (Web)\">Modal\u2019X<\/span><span class=\"NormalTextRun SCXW69457434 BCX8\" data-ccp-parastyle=\"Normal (Web)\">&nbsp;(6), LPTM (1), EPEE (3), CEPN (4), LAGA (4), LEMMA (3), CERESSEC (18).<\/span><\/span><span class=\"EOP SCXW69457434 BCX8\" data-ccp-props=\"{&quot;134233117&quot;:true,&quot;134233118&quot;:true,&quot;201341983&quot;:0,&quot;335551550&quot;:6,&quot;335551620&quot;:6,&quot;335559740&quot;:240}\">&nbsp;<\/span><\/p>\n","protected":false},"excerpt":{"rendered":"<p>Outils de mod\u00e9lisation pour mieux repr\u00e9senter le comportement des march\u00e9s et contribuer \u00e0 une meilleure&nbsp;r\u00e9gulation&nbsp;: de la microstructure aux interactions avec l\u2019\u00e9conomie r\u00e9elle et la finance d\u2019entreprise.&nbsp;Approches : analyses empiriques renforc\u00e9es et cadres th\u00e9oriques int\u00e9grant de multiples dimensions.&nbsp;\u00c9quipes&nbsp;: THEMA (9),&nbsp;Modal\u2019X&nbsp;(6), LPTM (1), EPEE (3), CEPN (4), LAGA (4), LEMMA (3), CERESSEC (18).&nbsp;<\/p>\n","protected":false},"author":6,"featured_media":0,"parent":0,"menu_order":0,"comment_status":"closed","ping_status":"closed","template":"","meta":{"_genesis_hide_title":false,"_genesis_hide_breadcrumbs":false,"_genesis_hide_singular_image":false,"_genesis_hide_footer_widgets":false,"_genesis_custom_body_class":"","_genesis_custom_post_class":"","_genesis_layout":"","footnotes":""},"_links":{"self":[{"href":"https:\/\/labex-mme-dii.u-cergy.fr\/index.php?rest_route=\/wp\/v2\/pages\/1004"}],"collection":[{"href":"https:\/\/labex-mme-dii.u-cergy.fr\/index.php?rest_route=\/wp\/v2\/pages"}],"about":[{"href":"https:\/\/labex-mme-dii.u-cergy.fr\/index.php?rest_route=\/wp\/v2\/types\/page"}],"author":[{"embeddable":true,"href":"https:\/\/labex-mme-dii.u-cergy.fr\/index.php?rest_route=\/wp\/v2\/users\/6"}],"replies":[{"embeddable":true,"href":"https:\/\/labex-mme-dii.u-cergy.fr\/index.php?rest_route=%2Fwp%2Fv2%2Fcomments&post=1004"}],"version-history":[{"count":6,"href":"https:\/\/labex-mme-dii.u-cergy.fr\/index.php?rest_route=\/wp\/v2\/pages\/1004\/revisions"}],"predecessor-version":[{"id":2558,"href":"https:\/\/labex-mme-dii.u-cergy.fr\/index.php?rest_route=\/wp\/v2\/pages\/1004\/revisions\/2558"}],"wp:attachment":[{"href":"https:\/\/labex-mme-dii.u-cergy.fr\/index.php?rest_route=%2Fwp%2Fv2%2Fmedia&parent=1004"}],"curies":[{"name":"wp","href":"https:\/\/api.w.org\/{rel}","templated":true}]}}