{"id":1001,"date":"2015-03-09T16:18:49","date_gmt":"2015-03-09T15:18:49","guid":{"rendered":"http:\/\/labex-mme-dii.u-cergy.fr\/?page_id=1001"},"modified":"2025-11-21T15:17:14","modified_gmt":"2025-11-21T14:17:14","slug":"development","status":"publish","type":"page","link":"https:\/\/labex-mme-dii.u-cergy.fr\/?page_id=1001","title":{"rendered":""},"content":{"rendered":"\n<p><span class=\"TextRun SCXW59123128 BCX8\" lang=\"FR-FR\" xml:lang=\"FR-FR\" data-contrast=\"auto\"><span class=\"NormalTextRun SCXW59123128 BCX8\" data-ccp-parastyle=\"Normal (Web)\">Analyse statistique avanc\u00e9e (non-stationnarit\u00e9 des s\u00e9ries temporelles, \u00e9v\u00e9nements rares), d\u00e9cision individuelle et collective sous incertitude.<\/span><\/span><span class=\"LineBreakBlob BlobObject DragDrop SCXW59123128 BCX8\"><span class=\"SCXW59123128 BCX8\">&nbsp;<\/span><br class=\"SCXW59123128 BCX8\"><\/span><span class=\"TextRun SCXW59123128 BCX8\" lang=\"FR-FR\" xml:lang=\"FR-FR\" data-contrast=\"auto\"><span class=\"NormalTextRun SCXW59123128 BCX8\" data-ccp-parastyle=\"Normal (Web)\">Usages : pr\u00e9vision et exploitation de donn\u00e9es en environnement, finance et macro\u00e9conomie ; cadres micro\u00e9conomiques pour la d\u00e9cision en contexte risqu\u00e9.<\/span><\/span><span class=\"LineBreakBlob BlobObject DragDrop SCXW59123128 BCX8\"><span class=\"SCXW59123128 BCX8\">&nbsp;<\/span><br class=\"SCXW59123128 BCX8\"><\/span><span class=\"TextRun SCXW59123128 BCX8\" lang=\"FR-FR\" xml:lang=\"FR-FR\" data-contrast=\"auto\"><span class=\"NormalTextRun SCXW59123128 BCX8\" data-ccp-charstyle=\"Strong\">\u00c9quipes<\/span><\/span><span class=\"TextRun SCXW59123128 BCX8\" lang=\"FR-FR\" xml:lang=\"FR-FR\" data-contrast=\"auto\"><span class=\"NormalTextRun SCXW59123128 BCX8\" data-ccp-parastyle=\"Normal (Web)\">&nbsp;: THEMA (5),&nbsp;<\/span><span class=\"NormalTextRun SpellingErrorV2Themed SCXW59123128 BCX8\" data-ccp-parastyle=\"Normal (Web)\">Modal\u2019X<\/span><span class=\"NormalTextRun SCXW59123128 BCX8\" data-ccp-parastyle=\"Normal (Web)\"> (10), EPEE (3), CEPN (4), AGM (1), LEMMA (4), CERESSEC (3)<\/span><\/span><\/p>\n","protected":false},"excerpt":{"rendered":"<p>Analyse statistique avanc\u00e9e (non-stationnarit\u00e9 des s\u00e9ries temporelles, \u00e9v\u00e9nements rares), d\u00e9cision individuelle et collective sous incertitude.&nbsp;Usages : pr\u00e9vision et exploitation de donn\u00e9es en environnement, finance et macro\u00e9conomie ; cadres micro\u00e9conomiques pour la d\u00e9cision en contexte risqu\u00e9.&nbsp;\u00c9quipes&nbsp;: THEMA (5),&nbsp;Modal\u2019X (10), EPEE (3), CEPN (4), AGM (1), LEMMA (4), CERESSEC (3)<\/p>\n","protected":false},"author":6,"featured_media":0,"parent":0,"menu_order":0,"comment_status":"closed","ping_status":"closed","template":"","meta":{"_genesis_hide_title":false,"_genesis_hide_breadcrumbs":false,"_genesis_hide_singular_image":false,"_genesis_hide_footer_widgets":false,"_genesis_custom_body_class":"","_genesis_custom_post_class":"","_genesis_layout":"","footnotes":""},"_links":{"self":[{"href":"https:\/\/labex-mme-dii.u-cergy.fr\/index.php?rest_route=\/wp\/v2\/pages\/1001"}],"collection":[{"href":"https:\/\/labex-mme-dii.u-cergy.fr\/index.php?rest_route=\/wp\/v2\/pages"}],"about":[{"href":"https:\/\/labex-mme-dii.u-cergy.fr\/index.php?rest_route=\/wp\/v2\/types\/page"}],"author":[{"embeddable":true,"href":"https:\/\/labex-mme-dii.u-cergy.fr\/index.php?rest_route=\/wp\/v2\/users\/6"}],"replies":[{"embeddable":true,"href":"https:\/\/labex-mme-dii.u-cergy.fr\/index.php?rest_route=%2Fwp%2Fv2%2Fcomments&post=1001"}],"version-history":[{"count":9,"href":"https:\/\/labex-mme-dii.u-cergy.fr\/index.php?rest_route=\/wp\/v2\/pages\/1001\/revisions"}],"predecessor-version":[{"id":2556,"href":"https:\/\/labex-mme-dii.u-cergy.fr\/index.php?rest_route=\/wp\/v2\/pages\/1001\/revisions\/2556"}],"wp:attachment":[{"href":"https:\/\/labex-mme-dii.u-cergy.fr\/index.php?rest_route=%2Fwp%2Fv2%2Fmedia&parent=1001"}],"curies":[{"name":"wp","href":"https:\/\/api.w.org\/{rel}","templated":true}]}}